{"id":166,"date":"2011-06-26T05:23:39","date_gmt":"2011-06-26T05:23:39","guid":{"rendered":"http:\/\/www.hanghofer.com\/?page_id=166"},"modified":"2016-04-22T17:28:53","modified_gmt":"2016-04-22T16:28:53","slug":"impressum","status":"publish","type":"page","link":"https:\/\/www.hanghofer.com\/?page_id=166","title":{"rendered":"<!--:de-->impressum<!--:-->"},"content":{"rendered":"<p><!--:en--><\/p>\n<h4 style=\"text-align: left;\">HUBERT HANGHOFER sculptures<\/h4>\n<p style=\"text-align: left;\">Kreuzberg 10<br \/>\n4550 KREMSM\u00dcNSTER<br \/>\nAustria<\/p>\n<p style=\"text-align: left;\">M: +43.664.9222470<br \/>\nT: +43.7583.50800<br \/>\nE: <a href=\"mailto:sculptures@hanghofer.com\">sculptures@hanghofer.com<\/a><\/p>\n<h4 style=\"text-align: left;\">legal information &amp; copyrights<\/h4>\n<p style=\"text-align: left;\">Alle Inhalte auf www.hanghofer.com sind Eingentum von Hubert Hanghofer sculptures und d\u00fcrfen ohne ausdr\u00fcckliche Genehmigung nicht verwendet werden. Kontaktieren Sie <a href=\"mailto:sculptures@hanghofer.com\">sculptures@hanghofer.com<\/a> wenn Sie Inhalte verwenden m\u00f6chten.<\/p>\n<p style=\"text-align: left;\"><strong>All contents are property of Hubert Hanghofer sculptures and may not be used without explicit permission. Contact <a href=\"mailto:sculptures@hanghofer.com\">sculptures@hanghofer.com<\/a> if you want to use content.<\/strong><\/p>\n<p><!--:--><\/p>\n","protected":false},"excerpt":{"rendered":"<p>HUBERT HANGHOFER sculptures Kreuzberg 10 4550 KREMSM\u00dcNSTER Austria M: +43.664.9222470 T: +43.7583.50800 E: sculptures@hanghofer.com legal information &amp; copyrights Alle Inhalte auf www.hanghofer.com sind Eingentum von Hubert Hanghofer sculptures und d\u00fcrfen ohne ausdr\u00fcckliche Genehmigung nicht verwendet werden. Kontaktieren Sie sculptures@hanghofer.com wenn Sie Inhalte verwenden m\u00f6chten. All contents are property of Hubert Hanghofer sculptures and may not [&hellip;]<\/p>\n","protected":false},"author":1,"featured_media":0,"parent":8,"menu_order":0,"comment_status":"closed","ping_status":"open","template":"","meta":{"ngg_post_thumbnail":0},"_links":{"self":[{"href":"https:\/\/www.hanghofer.com\/index.php?rest_route=\/wp\/v2\/pages\/166"}],"collection":[{"href":"https:\/\/www.hanghofer.com\/index.php?rest_route=\/wp\/v2\/pages"}],"about":[{"href":"https:\/\/www.hanghofer.com\/index.php?rest_route=\/wp\/v2\/types\/page"}],"author":[{"embeddable":true,"href":"https:\/\/www.hanghofer.com\/index.php?rest_route=\/wp\/v2\/users\/1"}],"replies":[{"embeddable":true,"href":"https:\/\/www.hanghofer.com\/index.php?rest_route=%2Fwp%2Fv2%2Fcomments&post=166"}],"version-history":[{"count":33,"href":"https:\/\/www.hanghofer.com\/index.php?rest_route=\/wp\/v2\/pages\/166\/revisions"}],"predecessor-version":[{"id":775,"href":"https:\/\/www.hanghofer.com\/index.php?rest_route=\/wp\/v2\/pages\/166\/revisions\/775"}],"up":[{"embeddable":true,"href":"https:\/\/www.hanghofer.com\/index.php?rest_route=\/wp\/v2\/pages\/8"}],"wp:attachment":[{"href":"https:\/\/www.hanghofer.com\/index.php?rest_route=%2Fwp%2Fv2%2Fmedia&parent=166"}],"curies":[{"name":"wp","href":"https:\/\/api.w.org\/{rel}","templated":true}]}}